{"id":17,"date":"2023-05-29T18:07:28","date_gmt":"2023-05-29T16:07:28","guid":{"rendered":"https:\/\/reconnect.sete.cnrs.fr\/?page_id=17"},"modified":"2023-07-25T17:41:41","modified_gmt":"2023-07-25T15:41:41","slug":"actualites","status":"publish","type":"page","link":"https:\/\/reconnect.sete.cnrs.fr\/?page_id=17","title":{"rendered":"Actualit\u00e9s"},"content":{"rendered":"\t\t<div data-elementor-type=\"wp-page\" data-elementor-id=\"17\" class=\"elementor elementor-17\">\n\t\t\t\t\t\t<section class=\"elementor-section elementor-top-section elementor-element elementor-element-27f2600c elementor-section-content-middle elementor-section-boxed elementor-section-height-default elementor-section-height-default\" data-id=\"27f2600c\" data-element_type=\"section\" data-e-type=\"section\" data-settings=\"{&quot;background_background&quot;:&quot;classic&quot;}\">\n\t\t\t\t\t\t<div class=\"elementor-container elementor-column-gap-no\">\n\t\t\t\t\t<div class=\"elementor-column elementor-col-100 elementor-top-column elementor-element elementor-element-12bdc296\" data-id=\"12bdc296\" data-element_type=\"column\" data-e-type=\"column\">\n\t\t\t<div class=\"elementor-widget-wrap elementor-element-populated\">\n\t\t\t\t\t\t<div class=\"elementor-element elementor-element-44adb45e elementor-widget elementor-widget-heading\" data-id=\"44adb45e\" data-element_type=\"widget\" data-e-type=\"widget\" data-widget_type=\"heading.default\">\n\t\t\t\t<div class=\"elementor-widget-container\">\n\t\t\t\t\t<h4 class=\"elementor-heading-title elementor-size-default\">Actualit\u00e9s<\/h4>\t\t\t\t<\/div>\n\t\t\t\t<\/div>\n\t\t\t\t<section class=\"elementor-section elementor-inner-section elementor-element elementor-element-6a49cf62 elementor-section-boxed elementor-section-height-default elementor-section-height-default\" data-id=\"6a49cf62\" data-element_type=\"section\" data-e-type=\"section\">\n\t\t\t\t\t\t<div class=\"elementor-container elementor-column-gap-default\">\n\t\t\t\t\t<div class=\"elementor-column elementor-col-33 elementor-inner-column elementor-element elementor-element-9d58ee1\" data-id=\"9d58ee1\" data-element_type=\"column\" data-e-type=\"column\">\n\t\t\t<div class=\"elementor-widget-wrap elementor-element-populated\">\n\t\t\t\t\t\t<div class=\"elementor-element elementor-element-41e59ca elementor-widget elementor-widget-image\" data-id=\"41e59ca\" data-element_type=\"widget\" data-e-type=\"widget\" data-widget_type=\"image.default\">\n\t\t\t\t<div class=\"elementor-widget-container\">\n\t\t\t\t\t\t\t\t\t\t\t\t\t\t\t\t<a href=\"https:\/\/reconnect.sete.cnrs.fr\/?page_id=388\" target=\"_blank\">\n\t\t\t\t\t\t\t<img fetchpriority=\"high\" decoding=\"async\" width=\"1024\" height=\"682\" src=\"https:\/\/reconnect.sete.cnrs.fr\/wp-content\/uploads\/2023\/06\/IMGP0071-Grande-1-1024x682.jpeg\" class=\"attachment-large size-large wp-image-381\" alt=\"\" srcset=\"https:\/\/reconnect.sete.cnrs.fr\/wp-content\/uploads\/2023\/06\/IMGP0071-Grande-1-1024x682.jpeg 1024w, https:\/\/reconnect.sete.cnrs.fr\/wp-content\/uploads\/2023\/06\/IMGP0071-Grande-1-300x200.jpeg 300w, https:\/\/reconnect.sete.cnrs.fr\/wp-content\/uploads\/2023\/06\/IMGP0071-Grande-1-768x512.jpeg 768w, https:\/\/reconnect.sete.cnrs.fr\/wp-content\/uploads\/2023\/06\/IMGP0071-Grande-1.jpeg 1280w\" sizes=\"(max-width: 1024px) 100vw, 1024px\" \/>\t\t\t\t\t\t\t\t<\/a>\n\t\t\t\t\t\t\t\t\t\t\t\t\t\t\t<\/div>\n\t\t\t\t<\/div>\n\t\t\t\t<div class=\"elementor-element elementor-element-62ece566 elementor-widget elementor-widget-icon-box\" data-id=\"62ece566\" data-element_type=\"widget\" data-e-type=\"widget\" data-widget_type=\"icon-box.default\">\n\t\t\t\t<div class=\"elementor-widget-container\">\n\t\t\t\t\t\t\t<div class=\"elementor-icon-box-wrapper\">\n\n\t\t\t\n\t\t\t\t\t\t<div class=\"elementor-icon-box-content\">\n\n\t\t\t\t\t\t\t\t\t<h3 class=\"elementor-icon-box-title\">\n\t\t\t\t\t\t<a href=\"https:\/\/reconnect.sete.cnrs.fr\/?page_id=388\" target=\"_blank\" >\n\t\t\t\t\t\t\tRenforcer la connexion humain-nature pour lutter contre le changement climatique\t\t\t\t\t\t<\/a>\n\t\t\t\t\t<\/h3>\n\t\t\t\t\n\t\t\t\t\t\t\t\t\t<p class=\"elementor-icon-box-description\">\n\t\t\t\t\t\t<i>Gladys BARRAGAN-JASON, CNRS-SETE<\/i>\t\t\t\t\t<\/p>\n\t\t\t\t\n\t\t\t<\/div>\n\t\t\t\n\t\t<\/div>\n\t\t\t\t\t\t<\/div>\n\t\t\t\t<\/div>\n\t\t\t\t\t<\/div>\n\t\t<\/div>\n\t\t\t\t<div class=\"elementor-column elementor-col-33 elementor-inner-column elementor-element elementor-element-17cd1ffc\" data-id=\"17cd1ffc\" data-element_type=\"column\" data-e-type=\"column\">\n\t\t\t<div class=\"elementor-widget-wrap elementor-element-populated\">\n\t\t\t\t\t\t<div class=\"elementor-element elementor-element-12fd3a8 elementor-widget elementor-widget-image\" data-id=\"12fd3a8\" data-element_type=\"widget\" data-e-type=\"widget\" data-widget_type=\"image.default\">\n\t\t\t\t<div class=\"elementor-widget-container\">\n\t\t\t\t\t\t\t\t\t\t\t\t\t\t\t\t<a href=\"https:\/\/www.inee.cnrs.fr\/fr\/cnrsinfo\/entre-humains-et-nature-la-distance-augmente\" target=\"_blank\">\n\t\t\t\t\t\t\t<img decoding=\"async\" width=\"1024\" height=\"768\" src=\"https:\/\/reconnect.sete.cnrs.fr\/wp-content\/uploads\/2023\/06\/barragan1-2-1024x768.jpg\" class=\"attachment-large size-large wp-image-395\" alt=\"\" srcset=\"https:\/\/reconnect.sete.cnrs.fr\/wp-content\/uploads\/2023\/06\/barragan1-2-1024x768.jpg 1024w, https:\/\/reconnect.sete.cnrs.fr\/wp-content\/uploads\/2023\/06\/barragan1-2-300x225.jpg 300w, https:\/\/reconnect.sete.cnrs.fr\/wp-content\/uploads\/2023\/06\/barragan1-2-768x576.jpg 768w, https:\/\/reconnect.sete.cnrs.fr\/wp-content\/uploads\/2023\/06\/barragan1-2.jpg 1134w\" sizes=\"(max-width: 1024px) 100vw, 1024px\" \/>\t\t\t\t\t\t\t\t<\/a>\n\t\t\t\t\t\t\t\t\t\t\t\t\t\t\t<\/div>\n\t\t\t\t<\/div>\n\t\t\t\t<div class=\"elementor-element elementor-element-49a570fd elementor-widget elementor-widget-icon-box\" data-id=\"49a570fd\" data-element_type=\"widget\" data-e-type=\"widget\" data-widget_type=\"icon-box.default\">\n\t\t\t\t<div class=\"elementor-widget-container\">\n\t\t\t\t\t\t\t<div class=\"elementor-icon-box-wrapper\">\n\n\t\t\t\n\t\t\t\t\t\t<div class=\"elementor-icon-box-content\">\n\n\t\t\t\t\t\t\t\t\t<h3 class=\"elementor-icon-box-title\">\n\t\t\t\t\t\t<a href=\"https:\/\/www.inee.cnrs.fr\/fr\/cnrsinfo\/entre-humains-et-nature-la-distance-augmente\" target=\"_blank\" >\n\t\t\t\t\t\t\tEntre humains et nature : la distance augmente\t\t\t\t\t\t<\/a>\n\t\t\t\t\t<\/h3>\n\t\t\t\t\n\t\t\t\t\t\t\t\t\t<p class=\"elementor-icon-box-description\">\n\t\t\t\t\t\t<i>Victor CAZALIS, Gladys BARRAGAN-JASON, Michel Loreau<\/i>\t\t\t\t\t<\/p>\n\t\t\t\t\n\t\t\t<\/div>\n\t\t\t\n\t\t<\/div>\n\t\t\t\t\t\t<\/div>\n\t\t\t\t<\/div>\n\t\t\t\t\t<\/div>\n\t\t<\/div>\n\t\t\t\t<div class=\"elementor-column elementor-col-33 elementor-inner-column elementor-element elementor-element-2f9cf10a\" data-id=\"2f9cf10a\" data-element_type=\"column\" data-e-type=\"column\">\n\t\t\t<div class=\"elementor-widget-wrap elementor-element-populated\">\n\t\t\t\t\t\t<div class=\"elementor-element elementor-element-a4c2e49 elementor-widget elementor-widget-image\" data-id=\"a4c2e49\" data-element_type=\"widget\" data-e-type=\"widget\" data-widget_type=\"image.default\">\n\t\t\t\t<div class=\"elementor-widget-container\">\n\t\t\t\t\t\t\t\t\t\t\t\t\t\t\t\t<a href=\"https:\/\/drapps-occitanie.fr\/les-rencontres\/les-matinales-du-drapps\/retour-sur-les-precedentes-matinales\/matinale-en-visioconference-penser-liens-sante-environnement-sante-mentale\/\" target=\"_blank\">\n\t\t\t\t\t\t\t<img decoding=\"async\" width=\"1024\" height=\"682\" src=\"https:\/\/reconnect.sete.cnrs.fr\/wp-content\/uploads\/2023\/06\/IMGP9512-Grande-1024x682.jpeg\" class=\"attachment-large size-large wp-image-222\" alt=\"\" srcset=\"https:\/\/reconnect.sete.cnrs.fr\/wp-content\/uploads\/2023\/06\/IMGP9512-Grande-1024x682.jpeg 1024w, https:\/\/reconnect.sete.cnrs.fr\/wp-content\/uploads\/2023\/06\/IMGP9512-Grande-300x200.jpeg 300w, https:\/\/reconnect.sete.cnrs.fr\/wp-content\/uploads\/2023\/06\/IMGP9512-Grande-768x512.jpeg 768w, https:\/\/reconnect.sete.cnrs.fr\/wp-content\/uploads\/2023\/06\/IMGP9512-Grande.jpeg 1280w\" sizes=\"(max-width: 1024px) 100vw, 1024px\" \/>\t\t\t\t\t\t\t\t<\/a>\n\t\t\t\t\t\t\t\t\t\t\t\t\t\t\t<\/div>\n\t\t\t\t<\/div>\n\t\t\t\t<div class=\"elementor-element elementor-element-6f357611 elementor-widget elementor-widget-icon-box\" data-id=\"6f357611\" data-element_type=\"widget\" data-e-type=\"widget\" data-widget_type=\"icon-box.default\">\n\t\t\t\t<div class=\"elementor-widget-container\">\n\t\t\t\t\t\t\t<div class=\"elementor-icon-box-wrapper\">\n\n\t\t\t\n\t\t\t\t\t\t<div class=\"elementor-icon-box-content\">\n\n\t\t\t\t\t\t\t\t\t<h3 class=\"elementor-icon-box-title\">\n\t\t\t\t\t\t<a href=\"https:\/\/drapps-occitanie.fr\/les-rencontres\/les-matinales-du-drapps\/retour-sur-les-precedentes-matinales\/matinale-en-visioconference-penser-liens-sante-environnement-sante-mentale\/\" target=\"_blank\" >\n\t\t\t\t\t\t\tPenser les liens entre sant\u00e9 environnementale et sant\u00e9 mentale\t\t\t\t\t\t<\/a>\n\t\t\t\t\t<\/h3>\n\t\t\t\t\n\t\t\t\t\t\t\t\t\t<p class=\"elementor-icon-box-description\">\n\t\t\t\t\t\t<i>Gladys BARRAGAN-JASON, Jean-Andr\u00e9 MAGDALOU, Marie DELAYE, Delphine SOULIGNAC\t\t\t\t\t<\/p>\n\t\t\t\t\n\t\t\t<\/div>\n\t\t\t\n\t\t<\/div>\n\t\t\t\t\t\t<\/div>\n\t\t\t\t<\/div>\n\t\t\t\t\t<\/div>\n\t\t<\/div>\n\t\t\t\t\t<\/div>\n\t\t<\/section>\n\t\t\t\t<section class=\"elementor-section elementor-inner-section elementor-element elementor-element-1baaecc elementor-section-boxed elementor-section-height-default elementor-section-height-default\" data-id=\"1baaecc\" data-element_type=\"section\" data-e-type=\"section\">\n\t\t\t\t\t\t<div class=\"elementor-container elementor-column-gap-default\">\n\t\t\t\t\t<div class=\"elementor-column elementor-col-33 elementor-inner-column elementor-element elementor-element-a6b0c81\" data-id=\"a6b0c81\" data-element_type=\"column\" data-e-type=\"column\">\n\t\t\t<div class=\"elementor-widget-wrap elementor-element-populated\">\n\t\t\t\t\t\t<div class=\"elementor-element elementor-element-7346762 elementor-widget elementor-widget-image\" data-id=\"7346762\" data-element_type=\"widget\" data-e-type=\"widget\" data-widget_type=\"image.default\">\n\t\t\t\t<div class=\"elementor-widget-container\">\n\t\t\t\t\t\t\t\t\t\t\t\t\t\t\t\t<a href=\"https:\/\/www.youtube.com\/watch?v=HJp80BeSTaA\" target=\"_blank\">\n\t\t\t\t\t\t\t<img loading=\"lazy\" decoding=\"async\" width=\"1024\" height=\"682\" src=\"https:\/\/reconnect.sete.cnrs.fr\/wp-content\/uploads\/2023\/06\/IMGP9568-Grande-1024x682.jpeg\" class=\"attachment-large size-large wp-image-223\" alt=\"\" srcset=\"https:\/\/reconnect.sete.cnrs.fr\/wp-content\/uploads\/2023\/06\/IMGP9568-Grande-1024x682.jpeg 1024w, https:\/\/reconnect.sete.cnrs.fr\/wp-content\/uploads\/2023\/06\/IMGP9568-Grande-300x200.jpeg 300w, https:\/\/reconnect.sete.cnrs.fr\/wp-content\/uploads\/2023\/06\/IMGP9568-Grande-768x512.jpeg 768w, https:\/\/reconnect.sete.cnrs.fr\/wp-content\/uploads\/2023\/06\/IMGP9568-Grande.jpeg 1280w\" sizes=\"(max-width: 1024px) 100vw, 1024px\" \/>\t\t\t\t\t\t\t\t<\/a>\n\t\t\t\t\t\t\t\t\t\t\t\t\t\t\t<\/div>\n\t\t\t\t<\/div>\n\t\t\t\t<div class=\"elementor-element elementor-element-9a3c52b elementor-widget elementor-widget-icon-box\" data-id=\"9a3c52b\" data-element_type=\"widget\" data-e-type=\"widget\" data-widget_type=\"icon-box.default\">\n\t\t\t\t<div class=\"elementor-widget-container\">\n\t\t\t\t\t\t\t<div class=\"elementor-icon-box-wrapper\">\n\n\t\t\t\n\t\t\t\t\t\t<div class=\"elementor-icon-box-content\">\n\n\t\t\t\t\t\t\t\t\t<h3 class=\"elementor-icon-box-title\">\n\t\t\t\t\t\t<a href=\"https:\/\/www.youtube.com\/watch?v=HJp80BeSTaA\" target=\"_blank\" >\n\t\t\t\t\t\t\tProjet Reconnect <br>(vid\u00e9o)\t\t\t\t\t\t<\/a>\n\t\t\t\t\t<\/h3>\n\t\t\t\t\n\t\t\t\t\t\t\t\t\t<p class=\"elementor-icon-box-description\">\n\t\t\t\t\t\t<i>Gladys BARRAGAN-JASON<\/i>\t\t\t\t\t<\/p>\n\t\t\t\t\n\t\t\t<\/div>\n\t\t\t\n\t\t<\/div>\n\t\t\t\t\t\t<\/div>\n\t\t\t\t<\/div>\n\t\t\t\t\t<\/div>\n\t\t<\/div>\n\t\t\t\t<div class=\"elementor-column elementor-col-33 elementor-inner-column elementor-element elementor-element-4b64de8\" data-id=\"4b64de8\" data-element_type=\"column\" data-e-type=\"column\">\n\t\t\t<div class=\"elementor-widget-wrap elementor-element-populated\">\n\t\t\t\t\t\t<div class=\"elementor-element elementor-element-4ba01cf elementor-widget elementor-widget-image\" data-id=\"4ba01cf\" data-element_type=\"widget\" data-e-type=\"widget\" data-widget_type=\"image.default\">\n\t\t\t\t<div class=\"elementor-widget-container\">\n\t\t\t\t\t\t\t\t\t\t\t\t\t\t\t\t<a href=\"https:\/\/reconnect.sete.cnrs.fr\/?page_id=430\" target=\"_blank\">\n\t\t\t\t\t\t\t<img loading=\"lazy\" decoding=\"async\" width=\"1024\" height=\"562\" src=\"https:\/\/reconnect.sete.cnrs.fr\/wp-content\/uploads\/2023\/06\/svidalfig3-1024x562.jpg\" class=\"attachment-large size-large wp-image-426\" alt=\"\" srcset=\"https:\/\/reconnect.sete.cnrs.fr\/wp-content\/uploads\/2023\/06\/svidalfig3-1024x562.jpg 1024w, https:\/\/reconnect.sete.cnrs.fr\/wp-content\/uploads\/2023\/06\/svidalfig3-300x165.jpg 300w, https:\/\/reconnect.sete.cnrs.fr\/wp-content\/uploads\/2023\/06\/svidalfig3-768x422.jpg 768w, https:\/\/reconnect.sete.cnrs.fr\/wp-content\/uploads\/2023\/06\/svidalfig3-1536x843.jpg 1536w, https:\/\/reconnect.sete.cnrs.fr\/wp-content\/uploads\/2023\/06\/svidalfig3.jpg 1632w\" sizes=\"(max-width: 1024px) 100vw, 1024px\" \/>\t\t\t\t\t\t\t\t<\/a>\n\t\t\t\t\t\t\t\t\t\t\t\t\t\t\t<\/div>\n\t\t\t\t<\/div>\n\t\t\t\t<div class=\"elementor-element elementor-element-40e0274 elementor-widget elementor-widget-icon-box\" data-id=\"40e0274\" data-element_type=\"widget\" data-e-type=\"widget\" data-widget_type=\"icon-box.default\">\n\t\t\t\t<div class=\"elementor-widget-container\">\n\t\t\t\t\t\t\t<div class=\"elementor-icon-box-wrapper\">\n\n\t\t\t\n\t\t\t\t\t\t<div class=\"elementor-icon-box-content\">\n\n\t\t\t\t\t\t\t\t\t<h3 class=\"elementor-icon-box-title\">\n\t\t\t\t\t\t<a href=\"https:\/\/reconnect.sete.cnrs.fr\/?page_id=430\" target=\"_blank\" >\n\t\t\t\t\t\t\tLe pouvoir des arbres\t\t\t\t\t\t<\/a>\n\t\t\t\t\t<\/h3>\n\t\t\t\t\n\t\t\t\t\t\t\t\t\t<p class=\"elementor-icon-box-description\">\n\t\t\t\t\t\t<i>Gladys Barragan-Jason, Sarah VIDAL, Camille Parmesan<\/i>\t\t\t\t\t<\/p>\n\t\t\t\t\n\t\t\t<\/div>\n\t\t\t\n\t\t<\/div>\n\t\t\t\t\t\t<\/div>\n\t\t\t\t<\/div>\n\t\t\t\t\t<\/div>\n\t\t<\/div>\n\t\t\t\t<div class=\"elementor-column elementor-col-33 elementor-inner-column elementor-element elementor-element-47ee537\" data-id=\"47ee537\" data-element_type=\"column\" data-e-type=\"column\">\n\t\t\t<div class=\"elementor-widget-wrap elementor-element-populated\">\n\t\t\t\t\t\t<div class=\"elementor-element elementor-element-63634bd elementor-widget elementor-widget-image\" data-id=\"63634bd\" data-element_type=\"widget\" data-e-type=\"widget\" data-widget_type=\"image.default\">\n\t\t\t\t<div class=\"elementor-widget-container\">\n\t\t\t\t\t\t\t\t\t\t\t\t\t\t\t\t<a href=\"https:\/\/ariegenature.fr\/wp-content\/uploads\/2023\/06\/NeV-fiche5_def.pdf\" target=\"_blank\">\n\t\t\t\t\t\t\t<img loading=\"lazy\" decoding=\"async\" width=\"1024\" height=\"768\" src=\"https:\/\/reconnect.sete.cnrs.fr\/wp-content\/uploads\/2023\/06\/barragan2-2-1024x768.jpg\" class=\"attachment-large size-large wp-image-483\" alt=\"\" srcset=\"https:\/\/reconnect.sete.cnrs.fr\/wp-content\/uploads\/2023\/06\/barragan2-2-1024x768.jpg 1024w, https:\/\/reconnect.sete.cnrs.fr\/wp-content\/uploads\/2023\/06\/barragan2-2-300x225.jpg 300w, https:\/\/reconnect.sete.cnrs.fr\/wp-content\/uploads\/2023\/06\/barragan2-2-768x576.jpg 768w, https:\/\/reconnect.sete.cnrs.fr\/wp-content\/uploads\/2023\/06\/barragan2-2.jpg 1300w\" sizes=\"(max-width: 1024px) 100vw, 1024px\" \/>\t\t\t\t\t\t\t\t<\/a>\n\t\t\t\t\t\t\t\t\t\t\t\t\t\t\t<\/div>\n\t\t\t\t<\/div>\n\t\t\t\t<div class=\"elementor-element elementor-element-241620f elementor-widget elementor-widget-icon-box\" data-id=\"241620f\" data-element_type=\"widget\" data-e-type=\"widget\" data-widget_type=\"icon-box.default\">\n\t\t\t\t<div class=\"elementor-widget-container\">\n\t\t\t\t\t\t\t<div class=\"elementor-icon-box-wrapper\">\n\n\t\t\t\n\t\t\t\t\t\t<div class=\"elementor-icon-box-content\">\n\n\t\t\t\t\t\t\t\t\t<h3 class=\"elementor-icon-box-title\">\n\t\t\t\t\t\t<a href=\"https:\/\/ariegenature.fr\/wp-content\/uploads\/2023\/06\/NeV-fiche5_def.pdf\" target=\"_blank\" >\n\t\t\t\t\t\t\t(Re)v\u00e9g\u00e9taliser les lieux publics\t\t\t\t\t\t<\/a>\n\t\t\t\t\t<\/h3>\n\t\t\t\t\n\t\t\t\t\t\t\t\t\t<p class=\"elementor-icon-box-description\">\n\t\t\t\t\t\t<i>Gladys Barragan-Jason, Julien Vergne, ANA-CEN, R\u00e9gion Ari\u00e8ge<\/i>\t\t\t\t\t<\/p>\n\t\t\t\t\n\t\t\t<\/div>\n\t\t\t\n\t\t<\/div>\n\t\t\t\t\t\t<\/div>\n\t\t\t\t<\/div>\n\t\t\t\t\t<\/div>\n\t\t<\/div>\n\t\t\t\t\t<\/div>\n\t\t<\/section>\n\t\t\t\t\t<\/div>\n\t\t<\/div>\n\t\t\t\t\t<\/div>\n\t\t<\/section>\n\t\t\t\t<\/div>\n\t\t","protected":false},"excerpt":{"rendered":"<p>Actualit\u00e9s Renforcer la connexion humain-nature pour lutter contre le changement climatique Gladys BARRAGAN-JASON, CNRS-SETE Entre humains et nature : la distance augmente Victor CAZALIS, Gladys BARRAGAN-JASON, Michel Loreau Penser les liens entre sant\u00e9 environnementale et sant\u00e9 mentale Gladys BARRAGAN-JASON, Jean-Andr\u00e9 MAGDALOU, Marie DELAYE, Delphine SOULIGNAC Projet Reconnect (vid\u00e9o) Gladys BARRAGAN-JASON Le pouvoir des arbres Gladys [&hellip;]<\/p>\n","protected":false},"author":1,"featured_media":0,"parent":0,"menu_order":0,"comment_status":"closed","ping_status":"closed","template":"","meta":{"ocean_post_layout":"","ocean_both_sidebars_style":"","ocean_both_sidebars_content_width":0,"ocean_both_sidebars_sidebars_width":0,"ocean_sidebar":"0","ocean_second_sidebar":"0","ocean_disable_margins":"enable","ocean_add_body_class":"","ocean_shortcode_before_top_bar":"","ocean_shortcode_after_top_bar":"","ocean_shortcode_before_header":"","ocean_shortcode_after_header":"","ocean_has_shortcode":"","ocean_shortcode_after_title":"","ocean_shortcode_before_footer_widgets":"","ocean_shortcode_after_footer_widgets":"","ocean_shortcode_before_footer_bottom":"","ocean_shortcode_after_footer_bottom":"","ocean_display_top_bar":"default","ocean_display_header":"default","ocean_header_style":"","ocean_center_header_left_menu":"0","ocean_custom_header_template":"0","ocean_custom_logo":0,"ocean_custom_retina_logo":0,"ocean_custom_logo_max_width":0,"ocean_custom_logo_tablet_max_width":0,"ocean_custom_logo_mobile_max_width":0,"ocean_custom_logo_max_height":0,"ocean_custom_logo_tablet_max_height":0,"ocean_custom_logo_mobile_max_height":0,"ocean_header_custom_menu":"0","ocean_menu_typo_font_family":"0","ocean_menu_typo_font_subset":"","ocean_menu_typo_font_size":0,"ocean_menu_typo_font_size_tablet":0,"ocean_menu_typo_font_size_mobile":0,"ocean_menu_typo_font_size_unit":"px","ocean_menu_typo_font_weight":"","ocean_menu_typo_font_weight_tablet":"","ocean_menu_typo_font_weight_mobile":"","ocean_menu_typo_transform":"","ocean_menu_typo_transform_tablet":"","ocean_menu_typo_transform_mobile":"","ocean_menu_typo_line_height":0,"ocean_menu_typo_line_height_tablet":0,"ocean_menu_typo_line_height_mobile":0,"ocean_menu_typo_line_height_unit":"","ocean_menu_typo_spacing":0,"ocean_menu_typo_spacing_tablet":0,"ocean_menu_typo_spacing_mobile":0,"ocean_menu_typo_spacing_unit":"","ocean_menu_link_color":"","ocean_menu_link_color_hover":"","ocean_menu_link_color_active":"","ocean_menu_link_background":"","ocean_menu_link_hover_background":"","ocean_menu_link_active_background":"","ocean_menu_social_links_bg":"","ocean_menu_social_hover_links_bg":"","ocean_menu_social_links_color":"","ocean_menu_social_hover_links_color":"","ocean_disable_title":"default","ocean_disable_heading":"on","ocean_post_title":"","ocean_post_subheading":"","ocean_post_title_style":"","ocean_post_title_background_color":"","ocean_post_title_background":0,"ocean_post_title_bg_image_position":"","ocean_post_title_bg_image_attachment":"","ocean_post_title_bg_image_repeat":"","ocean_post_title_bg_image_size":"","ocean_post_title_height":0,"ocean_post_title_bg_overlay":0.5,"ocean_post_title_bg_overlay_color":"","ocean_disable_breadcrumbs":"off","ocean_breadcrumbs_color":"","ocean_breadcrumbs_separator_color":"","ocean_breadcrumbs_links_color":"","ocean_breadcrumbs_links_hover_color":"","ocean_display_footer_widgets":"default","ocean_display_footer_bottom":"default","ocean_custom_footer_template":"0","footnotes":""},"class_list":["post-17","page","type-page","status-publish","hentry","entry"],"_links":{"self":[{"href":"https:\/\/reconnect.sete.cnrs.fr\/index.php?rest_route=\/wp\/v2\/pages\/17","targetHints":{"allow":["GET"]}}],"collection":[{"href":"https:\/\/reconnect.sete.cnrs.fr\/index.php?rest_route=\/wp\/v2\/pages"}],"about":[{"href":"https:\/\/reconnect.sete.cnrs.fr\/index.php?rest_route=\/wp\/v2\/types\/page"}],"author":[{"embeddable":true,"href":"https:\/\/reconnect.sete.cnrs.fr\/index.php?rest_route=\/wp\/v2\/users\/1"}],"replies":[{"embeddable":true,"href":"https:\/\/reconnect.sete.cnrs.fr\/index.php?rest_route=%2Fwp%2Fv2%2Fcomments&post=17"}],"version-history":[{"count":86,"href":"https:\/\/reconnect.sete.cnrs.fr\/index.php?rest_route=\/wp\/v2\/pages\/17\/revisions"}],"predecessor-version":[{"id":823,"href":"https:\/\/reconnect.sete.cnrs.fr\/index.php?rest_route=\/wp\/v2\/pages\/17\/revisions\/823"}],"wp:attachment":[{"href":"https:\/\/reconnect.sete.cnrs.fr\/index.php?rest_route=%2Fwp%2Fv2%2Fmedia&parent=17"}],"curies":[{"name":"wp","href":"https:\/\/api.w.org\/{rel}","templated":true}]}}