{"id":2,"date":"2023-05-10T14:25:54","date_gmt":"2023-05-10T12:25:54","guid":{"rendered":"https:\/\/reconnect.sete.cnrs.fr\/reconnect\/?page_id=2"},"modified":"2023-07-28T16:40:41","modified_gmt":"2023-07-28T14:40:41","slug":"accueil","status":"publish","type":"page","link":"https:\/\/reconnect.sete.cnrs.fr\/","title":{"rendered":"Accueil"},"content":{"rendered":"\t\t<div data-elementor-type=\"wp-page\" data-elementor-id=\"2\" class=\"elementor elementor-2\">\n\t\t\t\t\t\t<section class=\"elementor-section elementor-top-section elementor-element elementor-element-b461925 elementor-section-boxed elementor-section-height-default elementor-section-height-default\" data-id=\"b461925\" data-element_type=\"section\" data-e-type=\"section\">\n\t\t\t\t\t\t<div class=\"elementor-container elementor-column-gap-default\">\n\t\t\t\t\t<div class=\"elementor-column elementor-col-100 elementor-top-column elementor-element elementor-element-2e94159\" data-id=\"2e94159\" data-element_type=\"column\" data-e-type=\"column\">\n\t\t\t<div class=\"elementor-widget-wrap elementor-element-populated\">\n\t\t\t\t\t\t<div class=\"elementor-element elementor-element-5c75900 elementor-widget elementor-widget-text-editor\" data-id=\"5c75900\" data-element_type=\"widget\" data-e-type=\"widget\" data-widget_type=\"text-editor.default\">\n\t\t\t\t<div class=\"elementor-widget-container\">\n\t\t\t\t\t\t\t\t\t<h3 class=\"elementor-heading-title elementor-size-small elementor-inline-editing pen\" style=\"font-variant-ligatures: normal; font-variant-caps: normal; font-family: var( --e-global-typography-primary-font-family ), Sans-serif; font-size: 45px; font-style: normal; font-weight: var( --e-global-typography-primary-font-weight ); color: #000000; text-align: center;\" data-elementor-setting-key=\"title\" data-pen-placeholder=\"\u00c9crivez ici...\">Le projet RECONNECT<\/h3>\t\t\t\t\t\t\t\t<\/div>\n\t\t\t\t<\/div>\n\t\t\t\t\t<\/div>\n\t\t<\/div>\n\t\t\t\t\t<\/div>\n\t\t<\/section>\n\t\t\t\t<section class=\"elementor-section elementor-top-section elementor-element elementor-element-488ba36d elementor-section-content-middle elementor-section-boxed elementor-section-height-default elementor-section-height-default\" data-id=\"488ba36d\" data-element_type=\"section\" data-e-type=\"section\">\n\t\t\t\t\t\t<div class=\"elementor-container elementor-column-gap-no\">\n\t\t\t\t\t<div class=\"elementor-column elementor-col-50 elementor-top-column elementor-element elementor-element-47173c4b\" data-id=\"47173c4b\" data-element_type=\"column\" data-e-type=\"column\">\n\t\t\t<div class=\"elementor-widget-wrap elementor-element-populated\">\n\t\t\t\t\t\t<div class=\"elementor-element elementor-element-58768f4f elementor-invisible elementor-widget elementor-widget-image\" data-id=\"58768f4f\" data-element_type=\"widget\" data-e-type=\"widget\" data-settings=\"{&quot;_animation&quot;:&quot;zoomIn&quot;}\" data-widget_type=\"image.default\">\n\t\t\t\t<div class=\"elementor-widget-container\">\n\t\t\t\t\t\t\t\t\t\t\t\t\t\t\t<img fetchpriority=\"high\" decoding=\"async\" width=\"1760\" height=\"1320\" src=\"https:\/\/reconnect.sete.cnrs.fr\/wp-content\/uploads\/2023\/06\/MinaRiviere.jpeg\" class=\"attachment-full size-full wp-image-220\" alt=\"\" srcset=\"https:\/\/reconnect.sete.cnrs.fr\/wp-content\/uploads\/2023\/06\/MinaRiviere.jpeg 1760w, https:\/\/reconnect.sete.cnrs.fr\/wp-content\/uploads\/2023\/06\/MinaRiviere-300x225.jpeg 300w, https:\/\/reconnect.sete.cnrs.fr\/wp-content\/uploads\/2023\/06\/MinaRiviere-1024x768.jpeg 1024w, https:\/\/reconnect.sete.cnrs.fr\/wp-content\/uploads\/2023\/06\/MinaRiviere-768x576.jpeg 768w, https:\/\/reconnect.sete.cnrs.fr\/wp-content\/uploads\/2023\/06\/MinaRiviere-1536x1152.jpeg 1536w\" sizes=\"(max-width: 1760px) 100vw, 1760px\" \/>\t\t\t\t\t\t\t\t\t\t\t\t\t\t\t<\/div>\n\t\t\t\t<\/div>\n\t\t\t\t\t<\/div>\n\t\t<\/div>\n\t\t\t\t<div class=\"elementor-column elementor-col-50 elementor-top-column elementor-element elementor-element-28eb0b3a\" data-id=\"28eb0b3a\" data-element_type=\"column\" data-e-type=\"column\">\n\t\t\t<div class=\"elementor-widget-wrap elementor-element-populated\">\n\t\t\t\t\t\t<div class=\"elementor-element elementor-element-55778ed2 elementor-invisible elementor-widget elementor-widget-text-editor\" data-id=\"55778ed2\" data-element_type=\"widget\" data-e-type=\"widget\" data-settings=\"{&quot;_animation&quot;:&quot;fadeIn&quot;}\" data-widget_type=\"text-editor.default\">\n\t\t\t\t<div class=\"elementor-widget-container\">\n\t\t\t\t\t\t\t\t\t<p><span style=\"font-family: Calibri,sans-serif; font-size: medium;\">Chaque ann\u00e9e, des milliers d\u2019enfants et d\u2019adultes participent \u00e0 des centaines de programmes d\u2019\u00e9ducation \u00e0 l\u2019environnement qui visent \u00e0 augmenter les comportements en faveur de l\u2019environnement, les connaissances naturalistes et le bien-\u00eatre des participants.<\/span><\/p><p><span style=\"font-family: Calibri,sans-serif; font-size: medium;\">Cependant, sans \u00e9valuations scientifiques syst\u00e9matiques et standardis\u00e9es, l\u2019impact de ces interventions ne peut pas \u00eatre appr\u00e9hend\u00e9 objectivement ni valoris\u00e9.\u00a0<\/span><\/p><p><span style=\"font-family: Calibri,sans-serif; font-size: medium;\">Le but de ce projet est d\u2019\u00e9valuer les pratiques d\u2019\u00e9ducation \u00e0 l\u2019environnement chez l\u2019enfant et l\u2019adulte afin de mieux comprendre les facteurs qui permettent de d\u00e9velopper une relation durable entre les humains et les \u00e9cosyst\u00e8mes naturels.<\/span><\/p><p><span style=\"font-family: Calibri, sans-serif; font-size: medium; font-style: normal; font-variant-ligatures: normal; font-variant-caps: normal; font-weight: 600;\">Une telle investigation est n\u00e9cessaire si l\u2019on veut d\u00e9velopper des interventions cibl\u00e9es et efficaces et \u00e9viter des effets d\u00e9l\u00e9t\u00e8res et contre-productifs non souhait\u00e9s telle que l\u2019\u00e9co-anxi\u00e9t\u00e9 de plus en plus observ\u00e9e chez les enfants et les adultes.<\/span><span style=\"font-family: Calibri,sans-serif; font-size: medium;\"><br \/><\/span><\/p>\t\t\t\t\t\t\t\t<\/div>\n\t\t\t\t<\/div>\n\t\t\t\t<div class=\"elementor-element elementor-element-3624871 elementor-button-warning elementor-align-center elementor-widget elementor-widget-button\" data-id=\"3624871\" data-element_type=\"widget\" data-e-type=\"widget\" data-widget_type=\"button.default\">\n\t\t\t\t<div class=\"elementor-widget-container\">\n\t\t\t\t\t\t\t\t\t<div class=\"elementor-button-wrapper\">\n\t\t\t\t\t<a class=\"elementor-button elementor-button-link elementor-size-lg elementor-animation-grow\" href=\"https:\/\/reconnect.sete.cnrs.fr\/?page_id=19\" target=\"_blank\">\n\t\t\t\t\t\t<span class=\"elementor-button-content-wrapper\">\n\t\t\t\t\t\t<span class=\"elementor-button-icon\">\n\t\t\t\t<i aria-hidden=\"true\" class=\"fab fa-wpforms\"><\/i>\t\t\t<\/span>\n\t\t\t\t\t\t\t\t\t<span class=\"elementor-button-text\">Participer <\/span>\n\t\t\t\t\t<\/span>\n\t\t\t\t\t<\/a>\n\t\t\t\t<\/div>\n\t\t\t\t\t\t\t\t<\/div>\n\t\t\t\t<\/div>\n\t\t\t\t\t<\/div>\n\t\t<\/div>\n\t\t\t\t\t<\/div>\n\t\t<\/section>\n\t\t\t\t<section class=\"elementor-section elementor-top-section elementor-element elementor-element-0e2803e elementor-section-boxed elementor-section-height-default elementor-section-height-default\" data-id=\"0e2803e\" data-element_type=\"section\" data-e-type=\"section\">\n\t\t\t\t\t\t<div class=\"elementor-container elementor-column-gap-default\">\n\t\t\t\t\t<div class=\"elementor-column elementor-col-50 elementor-top-column elementor-element elementor-element-776a742\" data-id=\"776a742\" data-element_type=\"column\" data-e-type=\"column\">\n\t\t\t<div class=\"elementor-widget-wrap elementor-element-populated\">\n\t\t\t\t\t\t<div class=\"elementor-element elementor-element-9ec9dee elementor-widget elementor-widget-text-editor\" data-id=\"9ec9dee\" data-element_type=\"widget\" data-e-type=\"widget\" data-widget_type=\"text-editor.default\">\n\t\t\t\t<div class=\"elementor-widget-container\">\n\t\t\t\t\t\t\t\t\t<h2 class=\"elementor-heading-title elementor-size-default elementor-inline-editing pen\" style=\"font-variant-ligatures: normal; font-variant-caps: normal; font-family: var( --e-global-typography-primary-font-family ), Sans-serif; font-style: normal; font-weight: var( --e-global-typography-primary-font-weight ); text-align: center;\" data-elementor-setting-key=\"title\" data-pen-placeholder=\"\u00c9crivez ici...\">1500 Participants&nbsp;<\/h2>\n<div>&nbsp;<\/div>\t\t\t\t\t\t\t\t<\/div>\n\t\t\t\t<\/div>\n\t\t\t\t\t<\/div>\n\t\t<\/div>\n\t\t\t\t<div class=\"elementor-column elementor-col-50 elementor-top-column elementor-element elementor-element-6f10b9d\" data-id=\"6f10b9d\" data-element_type=\"column\" data-e-type=\"column\">\n\t\t\t<div class=\"elementor-widget-wrap elementor-element-populated\">\n\t\t\t\t\t\t<div class=\"elementor-element elementor-element-45340ae elementor-widget elementor-widget-text-editor\" data-id=\"45340ae\" data-element_type=\"widget\" data-e-type=\"widget\" data-widget_type=\"text-editor.default\">\n\t\t\t\t<div class=\"elementor-widget-container\">\n\t\t\t\t\t\t\t\t\t<h2 class=\"elementor-heading-title elementor-size-default elementor-inline-editing pen\" style=\"font-variant-ligatures: normal; font-variant-caps: normal; font-family: var( --e-global-typography-primary-font-family ), Sans-serif; font-style: normal; font-weight: var( --e-global-typography-primary-font-weight ); text-align: center;\" data-elementor-setting-key=\"title\" data-pen-placeholder=\"\u00c9crivez ici...\">85 Partenaires<\/h2>\t\t\t\t\t\t\t\t<\/div>\n\t\t\t\t<\/div>\n\t\t\t\t\t<\/div>\n\t\t<\/div>\n\t\t\t\t\t<\/div>\n\t\t<\/section>\n\t\t\t\t<section class=\"elementor-section elementor-top-section elementor-element elementor-element-240b7051 elementor-section-content-middle elementor-section-boxed elementor-section-height-default elementor-section-height-default\" data-id=\"240b7051\" data-element_type=\"section\" data-e-type=\"section\">\n\t\t\t\t\t\t<div class=\"elementor-container elementor-column-gap-no\">\n\t\t\t\t\t<div class=\"elementor-column elementor-col-33 elementor-top-column elementor-element elementor-element-128ed09c\" data-id=\"128ed09c\" data-element_type=\"column\" data-e-type=\"column\">\n\t\t\t<div class=\"elementor-widget-wrap elementor-element-populated\">\n\t\t\t\t\t\t<div class=\"elementor-element elementor-element-35fc986d elementor-widget elementor-widget-heading\" data-id=\"35fc986d\" data-element_type=\"widget\" data-e-type=\"widget\" data-widget_type=\"heading.default\">\n\t\t\t\t<div class=\"elementor-widget-container\">\n\t\t\t\t\t<h3 class=\"elementor-heading-title elementor-size-default\"><a href=\"https:\/\/sete-moulis-cnrs.fr\/fr\/\" target=\"_blank\">La Station d'Ecologie Th\u00e9orique et Exp\u00e9rimentale du CNRS<\/a><\/h3>\t\t\t\t<\/div>\n\t\t\t\t<\/div>\n\t\t\t\t<div class=\"elementor-element elementor-element-19802732 elementor-widget-divider--view-line elementor-widget elementor-widget-divider\" data-id=\"19802732\" data-element_type=\"widget\" data-e-type=\"widget\" data-widget_type=\"divider.default\">\n\t\t\t\t<div class=\"elementor-widget-container\">\n\t\t\t\t\t\t\t<div class=\"elementor-divider\">\n\t\t\t<span class=\"elementor-divider-separator\">\n\t\t\t\t\t\t<\/span>\n\t\t<\/div>\n\t\t\t\t\t\t<\/div>\n\t\t\t\t<\/div>\n\t\t\t\t\t<\/div>\n\t\t<\/div>\n\t\t\t\t<div class=\"elementor-column elementor-col-33 elementor-top-column elementor-element elementor-element-1a6e2f80\" data-id=\"1a6e2f80\" data-element_type=\"column\" data-e-type=\"column\">\n\t\t\t<div class=\"elementor-widget-wrap elementor-element-populated\">\n\t\t\t\t\t\t<div class=\"elementor-element elementor-element-4e1771b9 elementor-widget elementor-widget-image\" data-id=\"4e1771b9\" data-element_type=\"widget\" data-e-type=\"widget\" data-widget_type=\"image.default\">\n\t\t\t\t<div class=\"elementor-widget-container\">\n\t\t\t\t\t\t\t\t\t\t\t\t\t\t\t\t<a href=\"https:\/\/sete-moulis-cnrs.fr\/fr\/\" target=\"_blank\">\n\t\t\t\t\t\t\t<img decoding=\"async\" width=\"1200\" height=\"799\" src=\"https:\/\/reconnect.sete.cnrs.fr\/wp-content\/uploads\/2023\/05\/cnrs_20190066_0092_MD-1.jpg\" class=\"elementor-animation-grow attachment-full size-full wp-image-33\" alt=\"\" srcset=\"https:\/\/reconnect.sete.cnrs.fr\/wp-content\/uploads\/2023\/05\/cnrs_20190066_0092_MD-1.jpg 1200w, https:\/\/reconnect.sete.cnrs.fr\/wp-content\/uploads\/2023\/05\/cnrs_20190066_0092_MD-1-300x200.jpg 300w, https:\/\/reconnect.sete.cnrs.fr\/wp-content\/uploads\/2023\/05\/cnrs_20190066_0092_MD-1-1024x682.jpg 1024w, https:\/\/reconnect.sete.cnrs.fr\/wp-content\/uploads\/2023\/05\/cnrs_20190066_0092_MD-1-768x511.jpg 768w\" sizes=\"(max-width: 1200px) 100vw, 1200px\" \/>\t\t\t\t\t\t\t\t<\/a>\n\t\t\t\t\t\t\t\t\t\t\t\t\t\t\t<\/div>\n\t\t\t\t<\/div>\n\t\t\t\t<div class=\"elementor-element elementor-element-cbaff08 elementor-widget elementor-widget-text-editor\" data-id=\"cbaff08\" data-element_type=\"widget\" data-e-type=\"widget\" data-widget_type=\"text-editor.default\">\n\t\t\t\t<div class=\"elementor-widget-container\">\n\t\t\t\t\t\t\t\t\t<p>\u00a0<\/p><p>Le laboratoire, fond\u00e9 en 1948, est situ\u00e9 sur les pentes des Pyr\u00e9n\u00e9es centrales en Ari\u00e8ge, dans la commune de Moulis, \u00e0 environ 100 km au sud de Toulouse. Il a \u00e9t\u00e9 mis en place pour examiner les aspects physiques et biologiques des syst\u00e8mes de grottes souterraines. En 2007, il a \u00e9volu\u00e9 pour devenir une Station d\u2019\u00e9cologie exp\u00e9rimentale et, depuis 2016, il est connu sous le nom de Station d\u2019\u00e9cologie th\u00e9orique et exp\u00e9rimentale.<\/p>\t\t\t\t\t\t\t\t<\/div>\n\t\t\t\t<\/div>\n\t\t\t\t\t<\/div>\n\t\t<\/div>\n\t\t\t\t<div class=\"elementor-column elementor-col-33 elementor-top-column elementor-element elementor-element-26378f88\" data-id=\"26378f88\" data-element_type=\"column\" data-e-type=\"column\">\n\t\t\t<div class=\"elementor-widget-wrap elementor-element-populated\">\n\t\t\t\t\t\t<div class=\"elementor-element elementor-element-649f1320 elementor-widget elementor-widget-text-editor\" data-id=\"649f1320\" data-element_type=\"widget\" data-e-type=\"widget\" data-widget_type=\"text-editor.default\">\n\t\t\t\t<div class=\"elementor-widget-container\">\n\t\t\t\t\t\t\t\t\t<p style=\"caret-color: #000000; color: #000000; font-style: normal; font-variant-caps: normal;\">Ce centre de recherche scientifique, unique en son genre \u00e0 l&rsquo;\u00e9chelle mondiale, combine une recherche avanc\u00e9e en \u00e9cologie, des installations exp\u00e9rimentales de premier ordre et l&rsquo;acc\u00e8s \u00e0 une vari\u00e9t\u00e9 de milieux naturels.<\/p><p style=\"caret-color: #000000; color: #000000; font-style: normal; font-variant-caps: normal;\">La mission de la station est de promouvoir le d\u00e9veloppement de nouvelles connaissances sur les relations entre les soci\u00e9t\u00e9s, la biodiversit\u00e9 et les \u00e9cosyst\u00e8mes. Son objectif est de contribuer \u00e0 leur durabilit\u00e9 \u00e0 long terme, en employant des m\u00e9thodes th\u00e9oriques et exp\u00e9rimentales.<\/p>\t\t\t\t\t\t\t\t<\/div>\n\t\t\t\t<\/div>\n\t\t\t\t<div class=\"elementor-element elementor-element-18906c0a elementor-widget elementor-widget-image\" data-id=\"18906c0a\" data-element_type=\"widget\" data-e-type=\"widget\" data-widget_type=\"image.default\">\n\t\t\t\t<div class=\"elementor-widget-container\">\n\t\t\t\t\t\t\t\t\t\t\t\t\t\t\t\t<a href=\"https:\/\/sete-moulis-cnrs.fr\/fr\/\" target=\"_blank\">\n\t\t\t\t\t\t\t<img decoding=\"async\" width=\"2560\" height=\"1920\" src=\"https:\/\/reconnect.sete.cnrs.fr\/wp-content\/uploads\/2023\/05\/IMG_7476-scaled-2.jpg\" class=\"elementor-animation-grow attachment-full size-full wp-image-32\" alt=\"\" srcset=\"https:\/\/reconnect.sete.cnrs.fr\/wp-content\/uploads\/2023\/05\/IMG_7476-scaled-2.jpg 2560w, https:\/\/reconnect.sete.cnrs.fr\/wp-content\/uploads\/2023\/05\/IMG_7476-scaled-2-300x225.jpg 300w, https:\/\/reconnect.sete.cnrs.fr\/wp-content\/uploads\/2023\/05\/IMG_7476-scaled-2-1024x768.jpg 1024w, https:\/\/reconnect.sete.cnrs.fr\/wp-content\/uploads\/2023\/05\/IMG_7476-scaled-2-768x576.jpg 768w, https:\/\/reconnect.sete.cnrs.fr\/wp-content\/uploads\/2023\/05\/IMG_7476-scaled-2-1536x1152.jpg 1536w, https:\/\/reconnect.sete.cnrs.fr\/wp-content\/uploads\/2023\/05\/IMG_7476-scaled-2-2048x1536.jpg 2048w\" sizes=\"(max-width: 2560px) 100vw, 2560px\" \/>\t\t\t\t\t\t\t\t<\/a>\n\t\t\t\t\t\t\t\t\t\t\t\t\t\t\t<\/div>\n\t\t\t\t<\/div>\n\t\t\t\t\t<\/div>\n\t\t<\/div>\n\t\t\t\t\t<\/div>\n\t\t<\/section>\n\t\t\t\t<section class=\"elementor-section elementor-top-section elementor-element elementor-element-49028f46 elementor-section-full_width elementor-section-height-default elementor-section-height-default\" data-id=\"49028f46\" data-element_type=\"section\" data-e-type=\"section\" data-settings=\"{&quot;background_background&quot;:&quot;classic&quot;}\">\n\t\t\t\t\t\t<div class=\"elementor-container elementor-column-gap-no\">\n\t\t\t\t\t<div class=\"elementor-column elementor-col-100 elementor-top-column elementor-element elementor-element-379774b3\" data-id=\"379774b3\" data-element_type=\"column\" data-e-type=\"column\">\n\t\t\t<div class=\"elementor-widget-wrap elementor-element-populated\">\n\t\t\t\t\t\t<div class=\"elementor-element elementor-element-18bafbea elementor-widget elementor-widget-google_maps\" data-id=\"18bafbea\" data-element_type=\"widget\" data-e-type=\"widget\" data-widget_type=\"google_maps.default\">\n\t\t\t\t<div class=\"elementor-widget-container\">\n\t\t\t\t\t\t\t<div class=\"elementor-custom-embed\">\n\t\t\t<iframe loading=\"lazy\"\n\t\t\t\t\tsrc=\"https:\/\/maps.google.com\/maps?q=Cnrs%20Station%20Eco%20Th%C3%A9orique%20Et%20Exp%C3%A9rimentale&#038;t=m&#038;z=17&#038;output=embed&#038;iwloc=near\"\n\t\t\t\t\ttitle=\"Cnrs Station Eco Th\u00e9orique Et Exp\u00e9rimentale\"\n\t\t\t\t\taria-label=\"Cnrs Station Eco Th\u00e9orique Et Exp\u00e9rimentale\"\n\t\t\t><\/iframe>\n\t\t<\/div>\n\t\t\t\t\t\t<\/div>\n\t\t\t\t<\/div>\n\t\t\t\t<section class=\"elementor-section elementor-inner-section elementor-element elementor-element-1a256bd9 elementor-section-content-middle elementor-section-boxed elementor-section-height-default elementor-section-height-default\" data-id=\"1a256bd9\" data-element_type=\"section\" data-e-type=\"section\">\n\t\t\t\t\t\t<div class=\"elementor-container elementor-column-gap-no\">\n\t\t\t\t\t<div class=\"elementor-column elementor-col-33 elementor-inner-column elementor-element elementor-element-63713643\" data-id=\"63713643\" data-element_type=\"column\" data-e-type=\"column\">\n\t\t\t<div class=\"elementor-widget-wrap elementor-element-populated\">\n\t\t\t\t\t\t<div class=\"elementor-element elementor-element-330b7ae4 elementor-widget elementor-widget-heading\" data-id=\"330b7ae4\" data-element_type=\"widget\" data-e-type=\"widget\" data-widget_type=\"heading.default\">\n\t\t\t\t<div class=\"elementor-widget-container\">\n\t\t\t\t\t<h6 class=\"elementor-heading-title elementor-size-default\">Localisation<\/h6>\t\t\t\t<\/div>\n\t\t\t\t<\/div>\n\t\t\t\t<div class=\"elementor-element elementor-element-17d35526 elementor-widget elementor-widget-text-editor\" data-id=\"17d35526\" data-element_type=\"widget\" data-e-type=\"widget\" data-widget_type=\"text-editor.default\">\n\t\t\t\t<div class=\"elementor-widget-container\">\n\t\t\t\t\t\t\t\t\t<p>B\u00e2timent Bethmale,\u00a0<span style=\"font-size: 16px;\">2 Route du CNRS,,\u00a0<\/span><span style=\"font-size: 16px;\">09200 Moulis<\/span><\/p>\t\t\t\t\t\t\t\t<\/div>\n\t\t\t\t<\/div>\n\t\t\t\t\t<\/div>\n\t\t<\/div>\n\t\t\t\t<div class=\"elementor-column elementor-col-33 elementor-inner-column elementor-element elementor-element-510b44e8\" data-id=\"510b44e8\" data-element_type=\"column\" data-e-type=\"column\">\n\t\t\t<div class=\"elementor-widget-wrap elementor-element-populated\">\n\t\t\t\t\t\t\t<\/div>\n\t\t<\/div>\n\t\t\t\t<div class=\"elementor-column elementor-col-33 elementor-inner-column elementor-element elementor-element-72266829\" data-id=\"72266829\" data-element_type=\"column\" data-e-type=\"column\">\n\t\t\t<div class=\"elementor-widget-wrap elementor-element-populated\">\n\t\t\t\t\t\t<div class=\"elementor-element elementor-element-2db595c4 elementor-widget elementor-widget-heading\" data-id=\"2db595c4\" data-element_type=\"widget\" data-e-type=\"widget\" data-widget_type=\"heading.default\">\n\t\t\t\t<div class=\"elementor-widget-container\">\n\t\t\t\t\t<h6 class=\"elementor-heading-title elementor-size-default\">Contactez nous<\/h6>\t\t\t\t<\/div>\n\t\t\t\t<\/div>\n\t\t\t\t<div class=\"elementor-element elementor-element-5b325520 elementor-widget elementor-widget-text-editor\" data-id=\"5b325520\" data-element_type=\"widget\" data-e-type=\"widget\" data-widget_type=\"text-editor.default\">\n\t\t\t\t<div class=\"elementor-widget-container\">\n\t\t\t\t\t\t\t\t\t<p>Phone:\u00a005 61 04 03 60<br \/>Email: gladys.barragan-jason@sete.cnrs.fr<\/p>\t\t\t\t\t\t\t\t<\/div>\n\t\t\t\t<\/div>\n\t\t\t\t\t<\/div>\n\t\t<\/div>\n\t\t\t\t\t<\/div>\n\t\t<\/section>\n\t\t\t\t<div class=\"elementor-element elementor-element-7706b76e elementor-shape-rounded elementor-grid-0 e-grid-align-center elementor-widget elementor-widget-social-icons\" data-id=\"7706b76e\" data-element_type=\"widget\" data-e-type=\"widget\" data-widget_type=\"social-icons.default\">\n\t\t\t\t<div class=\"elementor-widget-container\">\n\t\t\t\t\t\t\t<div class=\"elementor-social-icons-wrapper elementor-grid\">\n\t\t\t\t\t\t\t<span class=\"elementor-grid-item\">\n\t\t\t\t\t<a class=\"elementor-icon elementor-social-icon elementor-social-icon-twitter elementor-animation-grow elementor-repeater-item-7f0e5c7\" target=\"_blank\">\n\t\t\t\t\t\t<span class=\"elementor-screen-only\">Twitter<\/span>\n\t\t\t\t\t\t<i aria-hidden=\"true\" class=\"fab fa-twitter\"><\/i>\t\t\t\t\t<\/a>\n\t\t\t\t<\/span>\n\t\t\t\t\t<\/div>\n\t\t\t\t\t\t<\/div>\n\t\t\t\t<\/div>\n\t\t\t\t\t<\/div>\n\t\t<\/div>\n\t\t\t\t\t<\/div>\n\t\t<\/section>\n\t\t\t\t<\/div>\n\t\t","protected":false},"excerpt":{"rendered":"<p>Le projet RECONNECT Chaque ann\u00e9e, des milliers d\u2019enfants et d\u2019adultes participent \u00e0 des centaines de programmes d\u2019\u00e9ducation \u00e0 l\u2019environnement qui visent \u00e0 augmenter les comportements en faveur de l\u2019environnement, les connaissances naturalistes et le bien-\u00eatre des participants. Cependant, sans \u00e9valuations scientifiques syst\u00e9matiques et standardis\u00e9es, l\u2019impact de ces interventions ne peut pas \u00eatre appr\u00e9hend\u00e9 objectivement ni [&hellip;]<\/p>\n","protected":false},"author":1,"featured_media":0,"parent":0,"menu_order":0,"comment_status":"closed","ping_status":"closed","template":"","meta":{"ocean_post_layout":"full-screen","ocean_both_sidebars_style":"","ocean_both_sidebars_content_width":0,"ocean_both_sidebars_sidebars_width":0,"ocean_sidebar":"0","ocean_second_sidebar":"0","ocean_disable_margins":"enable","ocean_add_body_class":"","ocean_shortcode_before_top_bar":"","ocean_shortcode_after_top_bar":"","ocean_shortcode_before_header":"","ocean_shortcode_after_header":"","ocean_has_shortcode":"","ocean_shortcode_after_title":"","ocean_shortcode_before_footer_widgets":"","ocean_shortcode_after_footer_widgets":"","ocean_shortcode_before_footer_bottom":"","ocean_shortcode_after_footer_bottom":"","ocean_display_top_bar":"default","ocean_display_header":"default","ocean_header_style":"","ocean_center_header_left_menu":"0","ocean_custom_header_template":"0","ocean_custom_logo":0,"ocean_custom_retina_logo":0,"ocean_custom_logo_max_width":0,"ocean_custom_logo_tablet_max_width":0,"ocean_custom_logo_mobile_max_width":0,"ocean_custom_logo_max_height":0,"ocean_custom_logo_tablet_max_height":0,"ocean_custom_logo_mobile_max_height":0,"ocean_header_custom_menu":"0","ocean_menu_typo_font_family":"0","ocean_menu_typo_font_subset":"","ocean_menu_typo_font_size":0,"ocean_menu_typo_font_size_tablet":0,"ocean_menu_typo_font_size_mobile":0,"ocean_menu_typo_font_size_unit":"px","ocean_menu_typo_font_weight":"","ocean_menu_typo_font_weight_tablet":"","ocean_menu_typo_font_weight_mobile":"","ocean_menu_typo_transform":"","ocean_menu_typo_transform_tablet":"","ocean_menu_typo_transform_mobile":"","ocean_menu_typo_line_height":0,"ocean_menu_typo_line_height_tablet":0,"ocean_menu_typo_line_height_mobile":0,"ocean_menu_typo_line_height_unit":"","ocean_menu_typo_spacing":0,"ocean_menu_typo_spacing_tablet":0,"ocean_menu_typo_spacing_mobile":0,"ocean_menu_typo_spacing_unit":"","ocean_menu_link_color":"","ocean_menu_link_color_hover":"","ocean_menu_link_color_active":"","ocean_menu_link_background":"","ocean_menu_link_hover_background":"","ocean_menu_link_active_background":"","ocean_menu_social_links_bg":"","ocean_menu_social_hover_links_bg":"","ocean_menu_social_links_color":"","ocean_menu_social_hover_links_color":"","ocean_disable_title":"default","ocean_disable_heading":"on","ocean_post_title":"","ocean_post_subheading":"","ocean_post_title_style":"","ocean_post_title_background_color":"","ocean_post_title_background":0,"ocean_post_title_bg_image_position":"","ocean_post_title_bg_image_attachment":"","ocean_post_title_bg_image_repeat":"","ocean_post_title_bg_image_size":"","ocean_post_title_height":0,"ocean_post_title_bg_overlay":0.5,"ocean_post_title_bg_overlay_color":"","ocean_disable_breadcrumbs":"default","ocean_breadcrumbs_color":"","ocean_breadcrumbs_separator_color":"","ocean_breadcrumbs_links_color":"","ocean_breadcrumbs_links_hover_color":"","ocean_display_footer_widgets":"default","ocean_display_footer_bottom":"default","ocean_custom_footer_template":"0","footnotes":""},"class_list":["post-2","page","type-page","status-publish","hentry","entry"],"_links":{"self":[{"href":"https:\/\/reconnect.sete.cnrs.fr\/index.php?rest_route=\/wp\/v2\/pages\/2","targetHints":{"allow":["GET"]}}],"collection":[{"href":"https:\/\/reconnect.sete.cnrs.fr\/index.php?rest_route=\/wp\/v2\/pages"}],"about":[{"href":"https:\/\/reconnect.sete.cnrs.fr\/index.php?rest_route=\/wp\/v2\/types\/page"}],"author":[{"embeddable":true,"href":"https:\/\/reconnect.sete.cnrs.fr\/index.php?rest_route=\/wp\/v2\/users\/1"}],"replies":[{"embeddable":true,"href":"https:\/\/reconnect.sete.cnrs.fr\/index.php?rest_route=%2Fwp%2Fv2%2Fcomments&post=2"}],"version-history":[{"count":145,"href":"https:\/\/reconnect.sete.cnrs.fr\/index.php?rest_route=\/wp\/v2\/pages\/2\/revisions"}],"predecessor-version":[{"id":832,"href":"https:\/\/reconnect.sete.cnrs.fr\/index.php?rest_route=\/wp\/v2\/pages\/2\/revisions\/832"}],"wp:attachment":[{"href":"https:\/\/reconnect.sete.cnrs.fr\/index.php?rest_route=%2Fwp%2Fv2%2Fmedia&parent=2"}],"curies":[{"name":"wp","href":"https:\/\/api.w.org\/{rel}","templated":true}]}}